{"id":8225,"date":"2019-11-05T11:43:05","date_gmt":"2019-11-05T09:43:05","guid":{"rendered":"https:\/\/bieler-augenzentrum.ch\/uber-uns\/eventail-des-prestations\/tonometrie\/"},"modified":"2020-06-04T10:34:21","modified_gmt":"2020-06-04T08:34:21","slug":"tonometrie","status":"publish","type":"page","link":"https:\/\/berner-augenzentrum.ch\/fr\/a-propos\/eventail-des-prestations\/tonometrie\/","title":{"rendered":"Tonom\u00e9trie"},"content":{"rendered":"\n<p>La mesure de la pression intraoculaire est appel\u00e9e tonom\u00e9trie. La pression \u00e0 l&rsquo;int\u00e9rieur du globe oculaire chez un adulte en bonne sant\u00e9, se situe entre 10 et 21 millim\u00e8tres de mercure (mm Hg).<\/p>\n\n\n\n<p>Une pression intraoculaire \u00e9lev\u00e9e entra\u00eene des dommages sur les fibres nerveuses et peut donc endommager durablement le nerf optique. Comme cela se produit progressivement et presque toujours sans douleur, la mesure pr\u00e9ventive de la pression intraoculaire \u00e0 partir de 45 ans, voire plus t\u00f4t s\u2019il y a des ant\u00e9c\u00e9dents familiaux, est importante pour une d\u00e9tection pr\u00e9coce.<br><\/p>\n\n\n\t<div class=\"grid-x grid-margin-x grid-padding-x block-bild-text le medium-margin-collapse\">\n\t  <div class=\"cell medium-4 large-4\">\n\t  \t\t\t\t\t\t\t\t\t\t<div class=\"singleImg\">\n\t\t\t\t\t\t<img decoding=\"async\" alt=\"\" title=\"\" class=\"bt-img\" src=\"https:\/\/berner-augenzentrum.ch\/wp-content\/uploads\/Tonometrie-300x300.jpg\" \/>\n\t\t\t\t\t\t<div class=\"singleImgCaption\">Mesure \u00e0 l&#039;aide d&#039;un tonom\u00e8tre par aplanissement<\/div>\n\t\t\t\t\t<\/div>\n\t\t\t\t\t\t\t\t\n\t  \n\t  <\/div>\n\t  <div class=\"cell medium-8 large-8\"><h2>TONOM\u00c9TRIE DE CONTACT<\/h2>\n<p>La m\u00e9thode la plus courante est la mesure avec le tonom\u00e8tre par aplanissement de Goldmann. Avant l&rsquo;examen, la corn\u00e9e est anesth\u00e9si\u00e9e avec des gouttes oculaires, afin que l&rsquo;examen puisse \u00eatre effectu\u00e9 sans douleur. Ensuite, un petit appareil de mesure (capteur) aplatit la courbure de la corn\u00e9e dans une zone d&rsquo;environ trois millim\u00e8tres. La pression n\u00e9cessaire \u00e0 cet aplatissement correspond \u00e0 la pression intraoculaire et est relev\u00e9e par le m\u00e9decin.<\/p>\n<\/div>\n\t<\/div>\n\n\n\t<div class=\"grid-x grid-margin-x grid-padding-x block-bild-text le medium-margin-collapse\">\n\t  <div class=\"cell medium-4 large-4\">\n\t  \t\t\t\t\t\t\t\t\t\t<div class=\"singleImg\">\n\t\t\t\t\t\t<img decoding=\"async\" alt=\"\" title=\"\" class=\"bt-img\" src=\"https:\/\/berner-augenzentrum.ch\/wp-content\/uploads\/Tonometer-300x300.jpg\" \/>\n\t\t\t\t\t\t<div class=\"singleImgCaption\">Tonom\u00e8tre PASCAL<\/div>\n\t\t\t\t\t<\/div>\n\t\t\t\t\t\t\t\t\n\t  \n\t  <\/div>\n\t  <div class=\"cell medium-8 large-8\"><h2>TONOM\u00c8TRE PASCAL<\/h2>\n<p>Pour cet examen, la corn\u00e9e est \u00e9galement anesth\u00e9si\u00e9e avec des gouttes oculaires. Cependant, le corps de mesure est construit de telle mani\u00e8re que la corn\u00e9e n&rsquo;est pratiquement pas aplatie, de sorte que la mesure peut \u00eatre effectu\u00e9e ind\u00e9pendamment de l&rsquo;\u00e9paisseur de la corn\u00e9e. Un petit capteur int\u00e9gr\u00e9 (\u00e9l\u00e9ment pi\u00e9zo\u00e9lectrique) d\u00e9termine la pression oculaire 100 fois par seconde.<\/p>\n<\/div>\n\t<\/div>\n\n\n\t<div class=\"grid-x grid-margin-x grid-padding-x block-bild-text le medium-margin-collapse\">\n\t  <div class=\"cell medium-4 large-4\">\n\t  \t\t\t\t\t\t\t\t\t\t<div class=\"singleImg\">\n\t\t\t\t\t\t<img decoding=\"async\" alt=\"\" title=\"\" class=\"bt-img\" src=\"https:\/\/berner-augenzentrum.ch\/wp-content\/uploads\/Tonometrie2-300x300.jpg\" \/>\n\t\t\t\t\t\t<div class=\"singleImgCaption\">Examen \u00e0 l&#039;aide du tonom\u00e8tre PASCAL<\/div>\n\t\t\t\t\t<\/div>\n\t\t\t\t\t\t\t\t\n\t  \n\t  <\/div>\n\t  <div class=\"cell medium-8 large-8\"><p>La sensibilit\u00e9 de l&rsquo;appareil permet d\u2019enregistrer les fluctuations de la pression oculaire provoqu\u00e9es par les battements du c\u0153ur. En plus de la mesure pr\u00e9cise de la pression intraoculaire, il est possible de d\u00e9terminer l&rsquo;amplitude de la pression oculaire, ce qui fournit des informations suppl\u00e9mentaires sur la circulation sanguine du nerf optique.<\/p>\n<\/div>\n\t<\/div>\n","protected":false},"excerpt":{"rendered":"<p>La mesure de la pression intraoculaire est appel\u00e9e tonom\u00e9trie. La pression \u00e0 l&rsquo;int\u00e9rieur du globe oculaire chez un adulte en bonne sant\u00e9, se situe entre 10 et 21 millim\u00e8tres de mercure (mm Hg). Une pression intraoculaire \u00e9lev\u00e9e entra\u00eene des dommages sur les fibres nerveuses et peut donc endommager durablement le nerf optique. Comme cela se<a class=\"excerpt-read-more\" href=\"https:\/\/berner-augenzentrum.ch\/fr\/a-propos\/eventail-des-prestations\/tonometrie\/\" title=\"ReadTonom\u00e9trie\">&#8230; Read more &raquo;<\/a><\/p>\n","protected":false},"author":2,"featured_media":0,"parent":7890,"menu_order":4,"comment_status":"closed","ping_status":"closed","template":"template-full-width-teaser.php","meta":{"_acf_changed":false,"footnotes":""},"class_list":["post-8225","page","type-page","status-publish","hentry"],"acf":[],"_links":{"self":[{"href":"https:\/\/berner-augenzentrum.ch\/fr\/wp-json\/wp\/v2\/pages\/8225","targetHints":{"allow":["GET"]}}],"collection":[{"href":"https:\/\/berner-augenzentrum.ch\/fr\/wp-json\/wp\/v2\/pages"}],"about":[{"href":"https:\/\/berner-augenzentrum.ch\/fr\/wp-json\/wp\/v2\/types\/page"}],"author":[{"embeddable":true,"href":"https:\/\/berner-augenzentrum.ch\/fr\/wp-json\/wp\/v2\/users\/2"}],"replies":[{"embeddable":true,"href":"https:\/\/berner-augenzentrum.ch\/fr\/wp-json\/wp\/v2\/comments?post=8225"}],"version-history":[{"count":9,"href":"https:\/\/berner-augenzentrum.ch\/fr\/wp-json\/wp\/v2\/pages\/8225\/revisions"}],"predecessor-version":[{"id":8944,"href":"https:\/\/berner-augenzentrum.ch\/fr\/wp-json\/wp\/v2\/pages\/8225\/revisions\/8944"}],"up":[{"embeddable":true,"href":"https:\/\/berner-augenzentrum.ch\/fr\/wp-json\/wp\/v2\/pages\/7890"}],"wp:attachment":[{"href":"https:\/\/berner-augenzentrum.ch\/fr\/wp-json\/wp\/v2\/media?parent=8225"}],"curies":[{"name":"wp","href":"https:\/\/api.w.org\/{rel}","templated":true}]}}