{"id":7908,"date":"2019-10-10T12:51:41","date_gmt":"2019-10-10T10:51:41","guid":{"rendered":"https:\/\/bieler-augenzentrum.ch\/?page_id=7908"},"modified":"2024-09-24T17:15:48","modified_gmt":"2024-09-24T15:15:48","slug":"actualites","status":"publish","type":"page","link":"https:\/\/berner-augenzentrum.ch\/fr\/actualites\/","title":{"rendered":"Acualit\u00e9s"},"content":{"rendered":"\t<div class=\"grid-x grid-margin-x grid-padding-x block-bild-text le medium-margin-collapse\">\n\t  <div class=\"cell medium-4 large-4\">\n\t  \t\t\t\t\t\t\t\t\t\t<div class=\"singleImg\">\n\t\t\t\t\t\t<img decoding=\"async\" alt=\"\" title=\"\" class=\"bt-img\" src=\"https:\/\/berner-augenzentrum.ch\/wp-content\/uploads\/fightforsight-300x300.jpg\" \/>\n\t\t\t\t\t\t<div class=\"singleImgCaption\"><\/div>\n\t\t\t\t\t<\/div>\n\t\t\t\t\t\t\t\t\n\t  \n\t  <\/div>\n\t  <div class=\"cell medium-8 large-8\"><h2>FIGHT4SIGHT FOUNDATION<\/h2>\n<p>regarder. et aider.<\/p>\n<p>La fondation Fight4Sight soutient des projets dans le domaine de l\u2019ophtalmologie et sur les sujets connexes ainsi que d\u2019autres projets touchant \u00e0 la prise en charge m\u00e9dicale et au domaine de l\u2019humanitaire. Cette implication ne se limite pas \u00e0 la Suisse \u2013 Fight4Sight agit dans le monde entier, l\u00e0 o\u00f9 la d\u00e9tresse est la plus criante. La fondation est n\u00e9e de la Clinique ophtalmologique de Berne. Le conseil de la fondation est donc constitu\u00e9 de m\u00e9decins et d\u2019autres personnes issues du domaine m\u00e9dical.<\/p>\n<p><strong>Vous aussi, aidez :<\/strong> <a href=\"http:\/\/www.fight4sight.ch\/\" target=\"_blank\" rel=\"noreferrer noopener\">Fondation Fight4Sight<\/a><\/p>\n<\/div>\n\t<\/div>\n\n\n\t<div class=\"grid-x grid-margin-x grid-padding-x block-bild-text le medium-margin-collapse\">\n\t  <div class=\"cell medium-4 large-4\">\n\t  \t\t\t\t\t\t\t\t\t\t<div class=\"singleImg\">\n\t\t\t\t\t\t<img decoding=\"async\" alt=\"\" title=\"\" class=\"bt-img\" src=\"https:\/\/berner-augenzentrum.ch\/wp-content\/uploads\/berner-augenzentrum19-300x300.jpg\" \/>\n\t\t\t\t\t\t<div class=\"singleImgCaption\"><\/div>\n\t\t\t\t\t<\/div>\n\t\t\t\t\t\t\t\t\n\t  \n\t  <\/div>\n\t  <div class=\"cell medium-8 large-8\"><h2>Le Centre ophtalmologique de Berne recherche<\/h2>\n<p>Aucun poste n&rsquo;est disponible pour l&rsquo;instant<br \/>\n<!--<strong>M\u00e9decin sp\u00e9cialiste en ophtalmologie ou quasi-sp\u00e9cialiste en ophtalmologie, 60 - 100%<\/strong>\n<a href=\"https:\/\/berner-augenzentrum.ch\/fr\/actualites\/postes-vacants\/medecin-specialiste\/\">plus d\u2019informations<\/a>--><\/p>\n<\/div>\n\t<\/div>\n\n\n\t<div class=\"grid-x grid-margin-x grid-padding-x block-bild-text le medium-margin-collapse\">\n\t  <div class=\"cell medium-4 large-4\">\n\t  \t\t\t\t\t\t\t\t\t\t<div class=\"singleImg\">\n\t\t\t\t\t\t<img decoding=\"async\" alt=\"\" title=\"\" class=\"bt-img\" src=\"https:\/\/berner-augenzentrum.ch\/wp-content\/uploads\/retina-suisse-1-300x300.png\" \/>\n\t\t\t\t\t\t<div class=\"singleImgCaption\"><\/div>\n\t\t\t\t\t<\/div>\n\t\t\t\t\t\t\t\t\n\t  \n\t  <\/div>\n\t  <div class=\"cell medium-8 large-8\"><h2>Groupes de parole pour les personnes affect\u00e9es de DMLA<\/h2>\n<p>\u00cates-vous affect\u00e9 de d\u00e9g\u00e9n\u00e9rescence maculaire li\u00e9e \u00e0 l\u2019\u00e2ge ? Souhaitez-vous \u00e9changer r\u00e9guli\u00e8rement des informations avec d\u2019autres personnes concern\u00e9es ?<br \/>\n<a href=\"https:\/\/berner-augenzentrum.ch\/fr\/actualites\/groupes-de-parole-pour-les-personnes-affectees-de-dmla\/\" data-rich-text-format-boundary=\"true\">en savoir plus<\/a><\/p>\n<\/div>\n\t<\/div>\n","protected":false},"excerpt":{"rendered":"","protected":false},"author":1,"featured_media":0,"parent":0,"menu_order":6,"comment_status":"closed","ping_status":"closed","template":"template-full-width-no-teaser.php","meta":{"_acf_changed":false,"footnotes":""},"class_list":["post-7908","page","type-page","status-publish","hentry"],"acf":[],"_links":{"self":[{"href":"https:\/\/berner-augenzentrum.ch\/fr\/wp-json\/wp\/v2\/pages\/7908","targetHints":{"allow":["GET"]}}],"collection":[{"href":"https:\/\/berner-augenzentrum.ch\/fr\/wp-json\/wp\/v2\/pages"}],"about":[{"href":"https:\/\/berner-augenzentrum.ch\/fr\/wp-json\/wp\/v2\/types\/page"}],"author":[{"embeddable":true,"href":"https:\/\/berner-augenzentrum.ch\/fr\/wp-json\/wp\/v2\/users\/1"}],"replies":[{"embeddable":true,"href":"https:\/\/berner-augenzentrum.ch\/fr\/wp-json\/wp\/v2\/comments?post=7908"}],"version-history":[{"count":43,"href":"https:\/\/berner-augenzentrum.ch\/fr\/wp-json\/wp\/v2\/pages\/7908\/revisions"}],"predecessor-version":[{"id":11720,"href":"https:\/\/berner-augenzentrum.ch\/fr\/wp-json\/wp\/v2\/pages\/7908\/revisions\/11720"}],"wp:attachment":[{"href":"https:\/\/berner-augenzentrum.ch\/fr\/wp-json\/wp\/v2\/media?parent=7908"}],"curies":[{"name":"wp","href":"https:\/\/api.w.org\/{rel}","templated":true}]}}