{"id":7890,"date":"2020-04-30T15:59:47","date_gmt":"2020-04-30T13:59:47","guid":{"rendered":"https:\/\/bieler-augenzentrum.ch\/?page_id=7890"},"modified":"2024-09-24T17:06:42","modified_gmt":"2024-09-24T15:06:42","slug":"eventail-des-prestations","status":"publish","type":"page","link":"https:\/\/berner-augenzentrum.ch\/fr\/a-propos\/eventail-des-prestations\/","title":{"rendered":"\u00c9ventail des prestations"},"content":{"rendered":"\n<h2 class=\"wp-block-heading\">\u00c9ventail des prestations<\/h2>\n\n\n\n<p>Nous disposons d&rsquo;un large \u00e9ventail d&rsquo;options d&rsquo;examen en ambulatoire. Les op\u00e9rations telles que la cataracte et le glaucome, ainsi que les urgences telles que le d\u00e9collement de la r\u00e9tine, sont trait\u00e9es en collaboration avec la Clinique ophtalmologique de Berne dans les plus brefs d\u00e9lais et, si cela est m\u00e9dicalement n\u00e9cessaire, 24 heures sur 24.<\/p>\n\n\n\n<p>Voici un aper\u00e7u de notre offre diagnostique :<\/p>\n\n\n\n\t<ul class=\"accordion\" data-accordion data-allow-all-closed=\"true\" data-multi-expand=\"true\">\n\t\n\t\t\t\t\t<li class=\"accordion-item grid-x grid-margin-x grid-padding-x\" data-accordion-item>\n\t\t\t\t<a href=\"#\" class=\"accordion-title small-12 medium-12 large-12 cell\">Diagnostic<\/a>\n\t\t\t\t<div class=\"accordion-content\" data-tab-content>\n\t\t\t\t\t<div class=\"grid-x grid-margin-x grid-padding-x medium-margin-collapse\">\n\t\t\t\t\t\t\t\t\t\t\t<div class=\"accordion-txt small-12 medium-12 large-12 cell\">\t\n\t\t\t\t\t\t<ul>\n<li><a href=\"https:\/\/bieler-augenzentrum.ch\/fr\/a-propos\/eventail-des-prestations\/diagnostic-clinique\/\">Diagnostic clinique<\/a> (lampe \u00e0 fente, bio-microscopie)<\/li>\n<li><a href=\"https:\/\/bieler-augenzentrum.ch\/fr\/a-propos\/eventail-des-prestations\/refractometrie\/\">R\u00e9fractom\u00e9trie<\/a> (mesure de l\u2019acuit\u00e9 visuelle et verres correcteurs)<\/li>\n<li><a href=\"https:\/\/bieler-augenzentrum.ch\/fr\/a-propos\/eventail-des-prestations\/perimetrie\/\">P\u00e9rim\u00e9trie (par ordinateur) dynamique et statique<\/a> (champs visuels de Goldmann et d\u2019Octopus)<\/li>\n<li><a href=\"https:\/\/bieler-augenzentrum.ch\/fr\/a-propos\/eventail-des-prestations\/tonometrie\/\">Tonom\u00e9trie<\/a> (avec ou sans contact, tonom\u00e9trie dynamique de contour)<\/li>\n<li><a href=\"https:\/\/bieler-augenzentrum.ch\/fr\/a-propos\/eventail-des-prestations\/biometrie\/\">Biom\u00e9trie<\/a> (interf\u00e9rence \u00e0 laser)<\/li>\n<li><a href=\"https:\/\/bieler-augenzentrum.ch\/fr\/a-propos\/eventail-des-prestations\/analyse-par-oct\/\">Analyse par OCT des segments ant\u00e9rieur et post\u00e9rieur de l\u2019\u0153il<\/a> (tomographie par coh\u00e9rence optique)<\/li>\n<li><a href=\"https:\/\/bieler-augenzentrum.ch\/fr\/a-propos\/eventail-des-prestations\/orthoptik\/\">Orthoptique (\u00e9cole de la vision)<\/a><\/li>\n<\/ul>\n\t\t\t\t\t\t<\/div>\n\t\t\t\t\t<\/div>\n\t\t\t\t<\/div>\n\t\t\t<\/li>\n\t\t\t\n\t<\/ul>\n\n\n\n\n<p>Pour des diagnostics plus pouss\u00e9s, nous coop\u00e9rons avec la Clinique ophtalmologique de Berne.<\/p>\n","protected":false},"excerpt":{"rendered":"<p>\u00c9ventail des prestations Nous disposons d&rsquo;un large \u00e9ventail d&rsquo;options d&rsquo;examen en ambulatoire. Les op\u00e9rations telles que la cataracte et le glaucome, ainsi que les urgences telles que le d\u00e9collement de la r\u00e9tine, sont trait\u00e9es en collaboration avec la Clinique ophtalmologique de Berne dans les plus brefs d\u00e9lais et, si cela est m\u00e9dicalement n\u00e9cessaire, 24 heures<a class=\"excerpt-read-more\" href=\"https:\/\/berner-augenzentrum.ch\/fr\/a-propos\/eventail-des-prestations\/\" title=\"Read\u00c9ventail des prestations\">&#8230; Read more &raquo;<\/a><\/p>\n","protected":false},"author":2,"featured_media":11662,"parent":7756,"menu_order":1,"comment_status":"closed","ping_status":"closed","template":"","meta":{"_acf_changed":false,"footnotes":""},"class_list":["post-7890","page","type-page","status-publish","has-post-thumbnail","hentry"],"acf":[],"_links":{"self":[{"href":"https:\/\/berner-augenzentrum.ch\/fr\/wp-json\/wp\/v2\/pages\/7890","targetHints":{"allow":["GET"]}}],"collection":[{"href":"https:\/\/berner-augenzentrum.ch\/fr\/wp-json\/wp\/v2\/pages"}],"about":[{"href":"https:\/\/berner-augenzentrum.ch\/fr\/wp-json\/wp\/v2\/types\/page"}],"author":[{"embeddable":true,"href":"https:\/\/berner-augenzentrum.ch\/fr\/wp-json\/wp\/v2\/users\/2"}],"replies":[{"embeddable":true,"href":"https:\/\/berner-augenzentrum.ch\/fr\/wp-json\/wp\/v2\/comments?post=7890"}],"version-history":[{"count":32,"href":"https:\/\/berner-augenzentrum.ch\/fr\/wp-json\/wp\/v2\/pages\/7890\/revisions"}],"predecessor-version":[{"id":11711,"href":"https:\/\/berner-augenzentrum.ch\/fr\/wp-json\/wp\/v2\/pages\/7890\/revisions\/11711"}],"up":[{"embeddable":true,"href":"https:\/\/berner-augenzentrum.ch\/fr\/wp-json\/wp\/v2\/pages\/7756"}],"wp:featuredmedia":[{"embeddable":true,"href":"https:\/\/berner-augenzentrum.ch\/fr\/wp-json\/wp\/v2\/media\/11662"}],"wp:attachment":[{"href":"https:\/\/berner-augenzentrum.ch\/fr\/wp-json\/wp\/v2\/media?parent=7890"}],"curies":[{"name":"wp","href":"https:\/\/api.w.org\/{rel}","templated":true}]}}