{"id":7876,"date":"2020-04-30T15:28:37","date_gmt":"2020-04-30T13:28:37","guid":{"rendered":"https:\/\/bieler-augenzentrum.ch\/?page_id=7876"},"modified":"2025-10-21T16:57:29","modified_gmt":"2025-10-21T14:57:29","slug":"accueil","status":"publish","type":"page","link":"https:\/\/berner-augenzentrum.ch\/fr\/","title":{"rendered":"Accueil"},"content":{"rendered":"\t<div class=\"grid-x grid-margin-x grid-padding-x block-bild-text le medium-margin-collapse\">\n\t  <div class=\"cell medium-4 large-4\">\n\t  \t\t\t\t\t\t\t\t\t\t<div class=\"singleImg\">\n\t\t\t\t\t\t<img decoding=\"async\" alt=\"\" title=\"\" class=\"bt-img\" src=\"https:\/\/berner-augenzentrum.ch\/wp-content\/uploads\/BeAugenklinik16-300x300.jpg\" \/>\n\t\t\t\t\t\t<div class=\"singleImgCaption\"><\/div>\n\t\t\t\t\t<\/div>\n\t\t\t\t\t\t\t\t\n\t  \n\t  <\/div>\n\t  <div class=\"cell medium-8 large-8\"><p>Depuis le 1er juillet 2024, nous avons poursuivi les activit\u00e9s m\u00e9dicales du Dr. med. Andreas R. Wegm\u00fcller. Nous nous r\u00e9jouissons de vous accueillir personnellement dans nos locaux du cabinet. Si vous avez des questions ou des incertitudes, nous serons heureux de vous aider en personne, par t\u00e9l\u00e9phone ou par courrier \u00e9lectronique.<\/p>\n<p><!--- <a class=\"myButtonteaser\" href=\"https:\/\/berner-augenzentrum.ch\/fr\/termine\/\">Prenez votre rendez-vous en ligne<\/a> ---><\/p>\n<\/div>\n\t<\/div>\n","protected":false},"excerpt":{"rendered":"","protected":false},"author":2,"featured_media":0,"parent":0,"menu_order":2,"comment_status":"closed","ping_status":"open","template":"template-full-width-teaser.php","meta":{"_acf_changed":false,"footnotes":""},"class_list":["post-7876","page","type-page","status-publish","hentry"],"acf":[],"_links":{"self":[{"href":"https:\/\/berner-augenzentrum.ch\/fr\/wp-json\/wp\/v2\/pages\/7876","targetHints":{"allow":["GET"]}}],"collection":[{"href":"https:\/\/berner-augenzentrum.ch\/fr\/wp-json\/wp\/v2\/pages"}],"about":[{"href":"https:\/\/berner-augenzentrum.ch\/fr\/wp-json\/wp\/v2\/types\/page"}],"author":[{"embeddable":true,"href":"https:\/\/berner-augenzentrum.ch\/fr\/wp-json\/wp\/v2\/users\/2"}],"replies":[{"embeddable":true,"href":"https:\/\/berner-augenzentrum.ch\/fr\/wp-json\/wp\/v2\/comments?post=7876"}],"version-history":[{"count":32,"href":"https:\/\/berner-augenzentrum.ch\/fr\/wp-json\/wp\/v2\/pages\/7876\/revisions"}],"predecessor-version":[{"id":11770,"href":"https:\/\/berner-augenzentrum.ch\/fr\/wp-json\/wp\/v2\/pages\/7876\/revisions\/11770"}],"wp:attachment":[{"href":"https:\/\/berner-augenzentrum.ch\/fr\/wp-json\/wp\/v2\/media?parent=7876"}],"curies":[{"name":"wp","href":"https:\/\/api.w.org\/{rel}","templated":true}]}}