{"id":7858,"date":"2020-04-30T14:56:53","date_gmt":"2020-04-30T12:56:53","guid":{"rendered":"https:\/\/bieler-augenzentrum.ch\/?page_id=7858"},"modified":"2024-06-13T15:15:58","modified_gmt":"2024-06-13T13:15:58","slug":"telechargements","status":"publish","type":"page","link":"https:\/\/berner-augenzentrum.ch\/fr\/patienten\/telechargements\/","title":{"rendered":"T\u00e9lechargements"},"content":{"rendered":"\n<p>Vous pouvez t\u00e9l\u00e9charger les documents suivants, en cliquant sur le lien correspondant.<\/p>\n\n\n\n<ul class=\"wp-block-list\">\n<li><strong>Formulaire d&rsquo;anamn\u00e8se m\u00e9dicale<\/strong><br><a href=\"https:\/\/berner-augenzentrum.ch\/wp-content\/uploads\/BernAZAnmeldformular240612FR-form.pdf\" target=\"_blank\" rel=\"noreferrer noopener\">Download PDF (146 kB)<\/a><\/li>\n<\/ul>\n\n\n\n<ul class=\"wp-block-list\">\n<li><strong><strong>D\u00e9claration relative \u00e0 la protection des donn\u00e9es<\/strong> <\/strong>pour les donn\u00e9es des patients<br><a href=\"https:\/\/berner-augenzentrum.ch\/wp-content\/uploads\/BEZ_Datenschutzerklaerung_Patientendaten_2024_fr.pdf\" target=\"_blank\" rel=\"noreferrer noopener\">Download PDF (168 kB)<\/a><\/li>\n<\/ul>\n","protected":false},"excerpt":{"rendered":"<p>Vous pouvez t\u00e9l\u00e9charger les documents suivants, en cliquant sur le lien correspondant.<\/p>\n","protected":false},"author":2,"featured_media":7780,"parent":7811,"menu_order":4,"comment_status":"closed","ping_status":"closed","template":"","meta":{"_acf_changed":false,"footnotes":""},"class_list":["post-7858","page","type-page","status-publish","has-post-thumbnail","hentry"],"acf":[],"_links":{"self":[{"href":"https:\/\/berner-augenzentrum.ch\/fr\/wp-json\/wp\/v2\/pages\/7858","targetHints":{"allow":["GET"]}}],"collection":[{"href":"https:\/\/berner-augenzentrum.ch\/fr\/wp-json\/wp\/v2\/pages"}],"about":[{"href":"https:\/\/berner-augenzentrum.ch\/fr\/wp-json\/wp\/v2\/types\/page"}],"author":[{"embeddable":true,"href":"https:\/\/berner-augenzentrum.ch\/fr\/wp-json\/wp\/v2\/users\/2"}],"replies":[{"embeddable":true,"href":"https:\/\/berner-augenzentrum.ch\/fr\/wp-json\/wp\/v2\/comments?post=7858"}],"version-history":[{"count":21,"href":"https:\/\/berner-augenzentrum.ch\/fr\/wp-json\/wp\/v2\/pages\/7858\/revisions"}],"predecessor-version":[{"id":11552,"href":"https:\/\/berner-augenzentrum.ch\/fr\/wp-json\/wp\/v2\/pages\/7858\/revisions\/11552"}],"up":[{"embeddable":true,"href":"https:\/\/berner-augenzentrum.ch\/fr\/wp-json\/wp\/v2\/pages\/7811"}],"wp:featuredmedia":[{"embeddable":true,"href":"https:\/\/berner-augenzentrum.ch\/fr\/wp-json\/wp\/v2\/media\/7780"}],"wp:attachment":[{"href":"https:\/\/berner-augenzentrum.ch\/fr\/wp-json\/wp\/v2\/media?parent=7858"}],"curies":[{"name":"wp","href":"https:\/\/api.w.org\/{rel}","templated":true}]}}