{"id":7836,"date":"2020-04-30T14:40:15","date_gmt":"2020-04-30T12:40:42","guid":{"rendered":"https:\/\/bieler-augenzentrum.ch\/?page_id=7836"},"modified":"2024-04-28T13:19:28","modified_gmt":"2024-04-28T11:19:28","slug":"preparation","status":"publish","type":"page","link":"https:\/\/berner-augenzentrum.ch\/fr\/patienten\/preparation\/","title":{"rendered":"Pr\u00e9paration"},"content":{"rendered":"\n<p>Pour un examen initial dans notre centre, il faut pr\u00e9voir environ 2,5 heures. Ce temps est n\u00e9cessaire pour r\u00e9gler les questions administratives, les examens initiaux, la dilatation de la pupille avec des gouttes, les autres examens sp\u00e9cialis\u00e9s permettant d\u2019\u00e9tablir le diagnostic et l\u2019entretien sur les r\u00e9sultats et les traitements possibles. En fonction du r\u00e9sultat, il sera possible d\u2019encha\u00eener sur le traitement n\u00e9cessaire le jour m\u00eame, pour vous \u00e9viter d\u2019avoir \u00e0 vous d\u00e9placer une nouvelle fois. Il est important que vous pr\u00e9voyiez suffisamment de temps afin que nous puissions vous informer suffisamment sur les r\u00e9sultats des examens et vous proposer un traitement adapt\u00e9 \u00e0 vos besoins. <\/p>\n\n\n\n<p>Veuillez garder \u00e0 l\u2019esprit qu\u2019\u00e0 la suite d\u2019un examen avec dilatation de la pupille, vous ne devez pas conduire pendant environ quatre heures. <\/p>\n\n\n\n<p> Lors du premier examen, veuillez apporter : <\/p>\n\n\n\n<ul class=\"wp-block-list\">\n<li>votre carte d\u2019assurance-maladie<\/li>\n\n\n\n<li>les photocopies des compte-rendus m\u00e9dicaux, si vous en avez<\/li>\n\n\n\n<li>les m\u00e9dicaments que vous prenez actuellement ou la liste actuelle de vos m\u00e9dicaments<\/li>\n\n\n\n<li>vos lunettes ou lentilles de contact<\/li>\n\n\n\n<li>la fiche de renseignements personnels remplie (en cas de convocation \u00e9crite)<\/li>\n<\/ul>\n\n\n\n<h3 class=\"wp-block-heading\">Consultation <\/h3>\n\n\n\n<p>Les locaux sont situ\u00e9s au Sidlerstrasse 4, 4<sup>e<\/sup> \u00e9tage.<\/p>\n\n\n\n<p>Une fois vos donn\u00e9es personnelles enregistr\u00e9es, divers examens pr\u00e9liminaires sont effectu\u00e9s, p. ex. la mesure de votre performance visuelle sans et avec lunettes correctives et mesure de la pression oculaire. Ensuite, on r\u00e9alise habituellement une dilatation de la pupille \u00e0 l\u2019aide de gouttes, ce qui prend env. 20 minutes. Ces gouttes restreignent la vue pendant plusieurs heures. Le contr\u00f4le effectu\u00e9 sur les appareils peut en partie \u00e9blouir, mais il n\u2019est pas dangereux pour la vue. Ensuite, l\u2019ophtalmologiste r\u00e9alise un examen approfondi des yeux. Suivant les r\u00e9sultats, il sera fait appel \u00e0 un second m\u00e9decin pour d\u00e9terminer la meilleure option de traitement pour vous. Suivant le diagnostic, il sera \u00e9ventuellement n\u00e9cessaire de pratiquer d\u2019autres examens compl\u00e9mentaires. Souvent, on fait aussi une photographie de l\u2019int\u00e9rieur de l\u2019\u0153il pour documenter les r\u00e9sultats. <\/p>\n\n\n\n<p>Nous vous conseillons de toujours vous faire accompagner par quelqu\u2019un, notamment s\u2019il s\u2019agit de votre premi\u00e8re consultation. Si cette personne peut bien entendu vous accompagner si elle le souhaite lors de la plupart des examens, elle peut aussi vous attendre \u00e0 l\u2019ext\u00e9rieur de la clinique. Les examens exigent une bonne concentration et peuvent donc \u00eatre fatigants. Il sera peut-\u00eatre utile de demander la pr\u00e9sence d\u2019une personne de confiance lors de l\u2019entretien avec le m\u00e9decin. En effet, c\u2019est durant cet entretien que vous vous verrez communiquer le diagnostic ainsi que de nombreuses informations sur les r\u00e9sultats des examens et sur la suite de la proc\u00e9dure. N\u2019h\u00e9sitez pas \u00e0 poser des questions afin de pouvoir bien juger du traitement qui vous est propos\u00e9. <\/p>\n\n\n\n<p>Si un traitement peut ou doit \u00eatre r\u00e9alis\u00e9 imm\u00e9diatement, vous en serez inform\u00e9-e dans les d\u00e9tails. En g\u00e9n\u00e9ral, votre consentement \u00e9crit est n\u00e9cessaire ; il peut \u00eatre r\u00e9voqu\u00e9 \u00e0 tout moment jusqu\u2019\u00e0 l\u2019intervention. <\/p>\n\n\n\n<p>C\u2019est \u00e9galement le cas si votre traitement pr\u00e9voit une op\u00e9ration ult\u00e9rieure. Le plus simple consiste \u00e0 prendre d\u00e8s le d\u00e9part rendez-vous pour l\u2019intervention et les \u00e9ventuels contr\u00f4les de suivi. Il est aussi possible de d\u00e9placer plus tard les rendez-vous qui ne vous conviennent pas. <\/p>\n\n\n\n<p>La suite de la proc\u00e9dure est d\u00e9termin\u00e9e individuellement avec vous. Veuillez donc respecter les consignes que vous aurez re\u00e7ues oralement et par \u00e9crit.<br><\/p>\n","protected":false},"excerpt":{"rendered":"<p>Pour un examen initial dans notre centre, il faut pr\u00e9voir environ 2,5 heures. Ce temps est n\u00e9cessaire pour r\u00e9gler les questions administratives, les examens initiaux, la dilatation de la pupille avec des gouttes, les autres examens sp\u00e9cialis\u00e9s permettant d\u2019\u00e9tablir le diagnostic et l\u2019entretien sur les r\u00e9sultats et les traitements possibles. En fonction du r\u00e9sultat, il<a class=\"excerpt-read-more\" href=\"https:\/\/berner-augenzentrum.ch\/fr\/patienten\/preparation\/\" title=\"ReadPr\u00e9paration\">&#8230; Read more &raquo;<\/a><\/p>\n","protected":false},"author":2,"featured_media":7838,"parent":7811,"menu_order":1,"comment_status":"closed","ping_status":"closed","template":"","meta":{"_acf_changed":false,"footnotes":""},"class_list":["post-7836","page","type-page","status-publish","has-post-thumbnail","hentry"],"acf":[],"_links":{"self":[{"href":"https:\/\/berner-augenzentrum.ch\/fr\/wp-json\/wp\/v2\/pages\/7836","targetHints":{"allow":["GET"]}}],"collection":[{"href":"https:\/\/berner-augenzentrum.ch\/fr\/wp-json\/wp\/v2\/pages"}],"about":[{"href":"https:\/\/berner-augenzentrum.ch\/fr\/wp-json\/wp\/v2\/types\/page"}],"author":[{"embeddable":true,"href":"https:\/\/berner-augenzentrum.ch\/fr\/wp-json\/wp\/v2\/users\/2"}],"replies":[{"embeddable":true,"href":"https:\/\/berner-augenzentrum.ch\/fr\/wp-json\/wp\/v2\/comments?post=7836"}],"version-history":[{"count":5,"href":"https:\/\/berner-augenzentrum.ch\/fr\/wp-json\/wp\/v2\/pages\/7836\/revisions"}],"predecessor-version":[{"id":11445,"href":"https:\/\/berner-augenzentrum.ch\/fr\/wp-json\/wp\/v2\/pages\/7836\/revisions\/11445"}],"up":[{"embeddable":true,"href":"https:\/\/berner-augenzentrum.ch\/fr\/wp-json\/wp\/v2\/pages\/7811"}],"wp:featuredmedia":[{"embeddable":true,"href":"https:\/\/berner-augenzentrum.ch\/fr\/wp-json\/wp\/v2\/media\/7838"}],"wp:attachment":[{"href":"https:\/\/berner-augenzentrum.ch\/fr\/wp-json\/wp\/v2\/media?parent=7836"}],"curies":[{"name":"wp","href":"https:\/\/api.w.org\/{rel}","templated":true}]}}