{"id":7756,"date":"2020-04-29T18:52:15","date_gmt":"2020-04-29T16:52:32","guid":{"rendered":"https:\/\/bieler-augenzentrum.ch\/?page_id=7756"},"modified":"2024-09-24T16:54:31","modified_gmt":"2024-09-24T14:54:31","slug":"a-propos","status":"publish","type":"page","link":"https:\/\/berner-augenzentrum.ch\/fr\/a-propos\/","title":{"rendered":"\u00c0 propos"},"content":{"rendered":"\n<h2 class=\"wp-block-heading\">PLAN DIRECTEUR ET VISION<\/h2>\n\n\n\n<p>Nous sommes un prestataire ind\u00e9pendant de services de diagnostic et de th\u00e9rapie des maladies des yeux. Les diff\u00e9rents m\u00e9decins collaborent \u00e9troitement entre eux au sein de l\u2019\u00e9quipe. Notre premi\u00e8re pr\u00e9occupation est une prise en charge optimale des patients. Par ailleurs, nous nous engageons en permanence dans la recherche m\u00e9dicale et la formation approfondie.<\/p>\n\n\n\n<p>Nous nous basons sur les standards internationaux les plus r\u00e9cents. La technique et l\u2019organisation sont sans cesse adapt\u00e9es aux \u00e9volutions et des contr\u00f4les de qualit\u00e9 syst\u00e9matiques ont lieu en permanence. Ceci permet d\u2019assurer une offre de services de premi\u00e8re qualit\u00e9.<\/p>\n","protected":false},"excerpt":{"rendered":"<p>PLAN DIRECTEUR ET VISION Nous sommes un prestataire ind\u00e9pendant de services de diagnostic et de th\u00e9rapie des maladies des yeux. Les diff\u00e9rents m\u00e9decins collaborent \u00e9troitement entre eux au sein de l\u2019\u00e9quipe. Notre premi\u00e8re pr\u00e9occupation est une prise en charge optimale des patients. Par ailleurs, nous nous engageons en permanence dans la recherche m\u00e9dicale et la<a class=\"excerpt-read-more\" href=\"https:\/\/berner-augenzentrum.ch\/fr\/a-propos\/\" title=\"Read\u00c0 propos\">&#8230; Read more &raquo;<\/a><\/p>\n","protected":false},"author":2,"featured_media":11656,"parent":0,"menu_order":3,"comment_status":"closed","ping_status":"closed","template":"","meta":{"_acf_changed":false,"footnotes":""},"class_list":["post-7756","page","type-page","status-publish","has-post-thumbnail","hentry"],"acf":[],"_links":{"self":[{"href":"https:\/\/berner-augenzentrum.ch\/fr\/wp-json\/wp\/v2\/pages\/7756","targetHints":{"allow":["GET"]}}],"collection":[{"href":"https:\/\/berner-augenzentrum.ch\/fr\/wp-json\/wp\/v2\/pages"}],"about":[{"href":"https:\/\/berner-augenzentrum.ch\/fr\/wp-json\/wp\/v2\/types\/page"}],"author":[{"embeddable":true,"href":"https:\/\/berner-augenzentrum.ch\/fr\/wp-json\/wp\/v2\/users\/2"}],"replies":[{"embeddable":true,"href":"https:\/\/berner-augenzentrum.ch\/fr\/wp-json\/wp\/v2\/comments?post=7756"}],"version-history":[{"count":6,"href":"https:\/\/berner-augenzentrum.ch\/fr\/wp-json\/wp\/v2\/pages\/7756\/revisions"}],"predecessor-version":[{"id":10802,"href":"https:\/\/berner-augenzentrum.ch\/fr\/wp-json\/wp\/v2\/pages\/7756\/revisions\/10802"}],"wp:featuredmedia":[{"embeddable":true,"href":"https:\/\/berner-augenzentrum.ch\/fr\/wp-json\/wp\/v2\/media\/11656"}],"wp:attachment":[{"href":"https:\/\/berner-augenzentrum.ch\/fr\/wp-json\/wp\/v2\/media?parent=7756"}],"curies":[{"name":"wp","href":"https:\/\/api.w.org\/{rel}","templated":true}]}}