{"id":10863,"date":"2021-03-12T18:11:15","date_gmt":"2021-03-12T16:11:21","guid":{"rendered":"https:\/\/bieler-augenzentrum.ch\/actualites\/postes-vacants\/facharzt\/"},"modified":"2023-01-19T12:23:51","modified_gmt":"2023-01-19T10:23:51","slug":"cghbjbtd","status":"publish","type":"page","link":"https:\/\/berner-augenzentrum.ch\/fr\/actualites\/postes-vacants\/cghbjbtd\/","title":{"rendered":"M\u00e9decin sp\u00e9cialiste en ophtalmologie ou quasi-sp\u00e9cialiste en ophtalmologie"},"content":{"rendered":"\n<h2 class=\"wp-block-heading\"><strong>60 &#8211; 100%<\/strong><\/h2>\n\n\n\n<p>Le centre ophtalmologique de Berne cherche <strong>de suite<\/strong> ou \u00e0 convenir un(e) M\u00e9decin sp\u00e9cialiste en ophtalmologie ou quasi-sp\u00e9cialiste en ophtalmologie.<\/p>\n\n\n\n<p>Notre site offre aux patients un diagnostic ophtalmologique g\u00e9n\u00e9ral soigneux et un traitement comp\u00e9tent des maladies des segments ant\u00e9rieurs et post\u00e9rieurs de l\u2019\u0153il. Le centre est \u00e9galement pr\u00e9sent pour les examens pr\u00e9ventifs et les cas d\u2019urgence. En collaboration avec le site de Berne, nous garantissons une prise en charge compl\u00e8te des patients.<\/p>\n\n\n\n<p><strong><strong>Vos t\u00e2ches<\/strong><\/strong>&#8230;<br>consistent \u00e0 examiner et \u00e0 diagnostiquer les patients dans le cadre de la consultation ophtalmologique, sous votre propre responsabilit\u00e9. Vous \u00eates int\u00e9gr\u00e9(e) \u00e0 l&rsquo;\u00e9quipe du cabinet et \u00eates soutenu(e) par une \u00e9quipe d&rsquo;assistantes m\u00e9dicales et d&rsquo;opticiens ainsi que d&rsquo;un coll\u00e8gue sp\u00e9cialis\u00e9. Les mesures pr\u00e9alables (OCT, r\u00e9fraction, d\u00e9termination de l&rsquo;acuit\u00e9 visuelle, etc.) sont effectu\u00e9es de mani\u00e8re routini\u00e8re, (dans la mesure du possible,) par une \u00e9quipe exp\u00e9riment\u00e9e, afin que vous puissiez vous concentrer sur la fourniture des prestations m\u00e9dicales..<\/p>\n\n\n\n<p><strong><strong>Votre profil<\/strong><\/strong><\/p>\n\n\n\n<ul class=\"wp-block-list\"><li>M\u00e9decin sp\u00e9cialiste ou m\u00e9decin assistant en derni\u00e8re ann\u00e9e de formation<\/li><li>Initiative personnelle ainsi que sens des responsabilit\u00e9s et travail autonome dans l&rsquo;int\u00e9r\u00eat des patients, de l&rsquo;\u00e9quipe et du cabinet m\u00e9dical<\/li><li>Tr\u00e8s bonne connaissance du fran\u00e7ais et de l&rsquo;allemand (l&rsquo;anglais serait un avantage).<\/li><li>Vous appr\u00e9ciez une collaboration de haut niveau et un climat de travail coll\u00e9gial.<\/li><\/ul>\n\n\n\n<p><strong><strong>Ce qui vous attend<\/strong><\/strong><\/p>\n\n\n\n<ul class=\"wp-block-list\"><li>Libert\u00e9 pour votre d\u00e9veloppement professionnel et personnel Horaires de travail planifiables, service d&rsquo;urgence le soir, exceptionnellement le week-end et les jours f\u00e9ri\u00e9s<\/li><li>Des avantages sociaux de premier ordre avec la possibilit\u00e9 de travailler sur la base d&rsquo;une participation au chiffre d&rsquo;affaires.<\/li><li>Un environnement attrayant dans lequel la responsabilit\u00e9 personnelle, l&rsquo;enthousiasme, la loyaut\u00e9 et l&rsquo;esprit d&rsquo;\u00e9quipe sont des valeurs importantes. Une \u00e9quipe jeune et motiv\u00e9e<\/li><\/ul>\n\n\n\n<p><strong> <strong>Jacqueline Balmer se tient \u00e0 votre disposition pour r\u00e9pondre \u00e0 vos questions<\/strong> <\/strong><br>T\u00e9l. +41 31 311 12 22<br><a href=\"mailto:jacqueline.balmer@augenklinik-bern.ch?subject=Frage%20zur%20Stelle%20%27Humanbiologen%20oder%20biomedizinischen%20Wissenschaftler%20(m\/w)%27\">jacqueline.balmer@augenklinik-bern.ch<\/a> <\/p>\n\n\n\n<h2 class=\"wp-block-heading\"> Veuillez envoyer votre dossier de candidature complet par e-mail \u00e0  <\/h2>\n\n\n\n<p> <a href=\"mailto:jacqueline.balmer@augenklinik-bern.ch?subject=Bewerbung%20fuer%20Stelle%20%27Humanbiologen%20oder%20biomedizinischen%20Wissenschaftler%20(m\/w)%27\">jacqueline.balmer@augenklinik-bern.ch<\/a> <\/p>\n\n\n\n<h2 class=\"wp-block-heading\">ou par courrier \u00e0  <\/h2>\n\n\n\n<p>Berner Augenklinik<br>\u00e0 l&rsquo;attention de Jacqueline Balmer<br>Bremgartenstrasse 119<br>CH &#8211; 3012 Bern <\/p>\n\n\n\n<p><a href=\"https:\/\/berner-augenzentrum.ch\/fr\/actualites\/postes-vacants\/\"><a href=\"https:\/\/berner-augenzentrum.ch\/fr\/actualites\/postes-vacants\/\">retour<\/a><\/a><\/p>\n","protected":false},"excerpt":{"rendered":"<p>60 &#8211; 100% Le centre ophtalmologique de Berne cherche de suite ou \u00e0 convenir un(e) M\u00e9decin sp\u00e9cialiste en ophtalmologie ou quasi-sp\u00e9cialiste en ophtalmologie. Notre site offre aux patients un diagnostic ophtalmologique g\u00e9n\u00e9ral soigneux et un traitement comp\u00e9tent des maladies des segments ant\u00e9rieurs et post\u00e9rieurs de l\u2019\u0153il. Le centre est \u00e9galement pr\u00e9sent pour les examens pr\u00e9ventifs<a class=\"excerpt-read-more\" href=\"https:\/\/berner-augenzentrum.ch\/fr\/actualites\/postes-vacants\/cghbjbtd\/\" title=\"ReadM\u00e9decin sp\u00e9cialiste en ophtalmologie ou quasi-sp\u00e9cialiste en ophtalmologie\">&#8230; Read more &raquo;<\/a><\/p>\n","protected":false},"author":1,"featured_media":0,"parent":10852,"menu_order":0,"comment_status":"closed","ping_status":"closed","template":"","meta":{"_acf_changed":false,"footnotes":""},"class_list":["post-10863","page","type-page","status-publish","hentry"],"acf":[],"_links":{"self":[{"href":"https:\/\/berner-augenzentrum.ch\/fr\/wp-json\/wp\/v2\/pages\/10863","targetHints":{"allow":["GET"]}}],"collection":[{"href":"https:\/\/berner-augenzentrum.ch\/fr\/wp-json\/wp\/v2\/pages"}],"about":[{"href":"https:\/\/berner-augenzentrum.ch\/fr\/wp-json\/wp\/v2\/types\/page"}],"author":[{"embeddable":true,"href":"https:\/\/berner-augenzentrum.ch\/fr\/wp-json\/wp\/v2\/users\/1"}],"replies":[{"embeddable":true,"href":"https:\/\/berner-augenzentrum.ch\/fr\/wp-json\/wp\/v2\/comments?post=10863"}],"version-history":[{"count":5,"href":"https:\/\/berner-augenzentrum.ch\/fr\/wp-json\/wp\/v2\/pages\/10863\/revisions"}],"predecessor-version":[{"id":11048,"href":"https:\/\/berner-augenzentrum.ch\/fr\/wp-json\/wp\/v2\/pages\/10863\/revisions\/11048"}],"up":[{"embeddable":true,"href":"https:\/\/berner-augenzentrum.ch\/fr\/wp-json\/wp\/v2\/pages\/10852"}],"wp:attachment":[{"href":"https:\/\/berner-augenzentrum.ch\/fr\/wp-json\/wp\/v2\/media?parent=10863"}],"curies":[{"name":"wp","href":"https:\/\/api.w.org\/{rel}","templated":true}]}}