{"id":10852,"date":"2019-11-05T13:40:15","date_gmt":"2019-11-05T11:40:43","guid":{"rendered":"https:\/\/bieler-augenzentrum.ch\/actualites\/offene-stellen\/"},"modified":"2023-01-19T12:24:25","modified_gmt":"2023-01-19T10:24:25","slug":"postes-vacants","status":"publish","type":"page","link":"https:\/\/berner-augenzentrum.ch\/fr\/actualites\/postes-vacants\/","title":{"rendered":"Postes vacants"},"content":{"rendered":"\t<div class=\"grid-x grid-margin-x grid-padding-x block-bild-text le medium-margin-collapse\">\n\t  <div class=\"cell medium-4 large-4\">\n\t  \t\t\t\t\t\t\t\t\t\t<div class=\"singleImg\">\n\t\t\t\t\t\t<img decoding=\"async\" alt=\"\" title=\"\" class=\"bt-img\" src=\"https:\/\/berner-augenzentrum.ch\/wp-content\/uploads\/BeAugenklinik16-300x300.jpg\" \/>\n\t\t\t\t\t\t<div class=\"singleImgCaption\"><\/div>\n\t\t\t\t\t<\/div>\n\t\t\t\t\t\t\t\t\n\t  \n\t  <\/div>\n\t  <div class=\"cell medium-8 large-8\"><p>Aucun poste n\u2019est disponible pour l&rsquo;instant<br \/>\n<!--<strong>M\u00e9decin sp\u00e9cialiste en ophtalmologie ou quasi-sp\u00e9cialiste en ophtalmologie<\/strong>\n<a href=\"https:\/\/berner-augenzentrum.ch\/fr\/actualites\/postes-vacants\/medecin-specialiste\/\">plus d'informations<\/a>--><\/p>\n<\/div>\n\t<\/div>\n","protected":false},"excerpt":{"rendered":"","protected":false},"author":2,"featured_media":0,"parent":7908,"menu_order":1,"comment_status":"closed","ping_status":"closed","template":"","meta":{"_acf_changed":false,"footnotes":""},"class_list":["post-10852","page","type-page","status-publish","hentry"],"acf":[],"_links":{"self":[{"href":"https:\/\/berner-augenzentrum.ch\/fr\/wp-json\/wp\/v2\/pages\/10852","targetHints":{"allow":["GET"]}}],"collection":[{"href":"https:\/\/berner-augenzentrum.ch\/fr\/wp-json\/wp\/v2\/pages"}],"about":[{"href":"https:\/\/berner-augenzentrum.ch\/fr\/wp-json\/wp\/v2\/types\/page"}],"author":[{"embeddable":true,"href":"https:\/\/berner-augenzentrum.ch\/fr\/wp-json\/wp\/v2\/users\/2"}],"replies":[{"embeddable":true,"href":"https:\/\/berner-augenzentrum.ch\/fr\/wp-json\/wp\/v2\/comments?post=10852"}],"version-history":[{"count":12,"href":"https:\/\/berner-augenzentrum.ch\/fr\/wp-json\/wp\/v2\/pages\/10852\/revisions"}],"predecessor-version":[{"id":11255,"href":"https:\/\/berner-augenzentrum.ch\/fr\/wp-json\/wp\/v2\/pages\/10852\/revisions\/11255"}],"up":[{"embeddable":true,"href":"https:\/\/berner-augenzentrum.ch\/fr\/wp-json\/wp\/v2\/pages\/7908"}],"wp:attachment":[{"href":"https:\/\/berner-augenzentrum.ch\/fr\/wp-json\/wp\/v2\/media?parent=10852"}],"curies":[{"name":"wp","href":"https:\/\/api.w.org\/{rel}","templated":true}]}}